{"id":277,"date":"2019-08-20T12:22:58","date_gmt":"2019-08-20T12:22:58","guid":{"rendered":"https:\/\/themes.getmotopress.com\/booklium-default\/?page_id=277"},"modified":"2025-04-22T10:32:58","modified_gmt":"2025-04-22T08:32:58","slug":"terms-conditions","status":"publish","type":"page","link":"https:\/\/alashato.com\/en\/terms-conditions\/","title":{"rendered":"GENERAL ACCOMMODATION\/OVERNIGHT STAY CONDITIONS"},"content":{"rendered":"\n<figure class=\"wp-block-pullquote\"><blockquote><p><strong>Nachfolgend unsere Allgemeinen \u00dcbernachtungs-\/Beherbergungsbedingungen, auch &#8222;Allgemeine Gesch\u00e4ftsbedingungen&#8220; [AGB] genannt:<\/strong><\/p><cite>Stand 07.04.2025 22:09 Uhr<\/cite><\/blockquote><\/figure>\n\n\n\n<h3 class=\"wp-block-heading\">\u00a7 <strong>1. Geltungsbereich dieser AGB<\/strong><\/h3>\n\n\n\n<p>Diese Allgemeinen Gesch\u00e4ftsbedingungen (AGB) gelten f\u00fcr alle Buchungen in unseren Unterk\u00fcnften, unabh\u00e4ngig davon, ob sie direkt \u00fcber unsere Webseite oder \u00fcber Drittanbieter-Plattformen erfolgen. Falls auf einer Drittanbieter-Plattform besondere Bedingungen gelten (z. B. zu Stornierung oder Zahlung), haben diese Vorrang. In allen anderen Punkten gelten erg\u00e4nzend die hier aufgef\u00fchrten AGB. Sollte eine Regelung in diesen AGB strenger sein als auf der Plattform, gilt die Regelung der Plattform nur, sofern sie nicht zwingendes Recht oder vertraglich bindend ist.<\/p>\n\n\n\n<h3 class=\"wp-block-heading\">\u00a7 <strong>2. Buchung &amp; G\u00e4stezahl<\/strong><\/h3>\n\n\n\n<ol class=\"wp-block-list\">\n<li>Mit der Buchung kommt ein verbindlicher Beherbergungsvertrag gem\u00e4\u00df dieser Allgemeinen Gesch\u00e4ftsbedingungen (AGB) zwischen dem Gast und dem Anbieter sowie Vertragspartner Sebahattin Enes Arslan, Sonnenweg 16, 89284 Pfaffenhofen an der Roth (Deutschland), zustande. Die vom Gast gebuchten jeweiligen Unterk\u00fcnfte der Holiday Villa Alashato Ala\u00e7at\u0131, Nesrin Arslan, Alacati Mahallesi 14005\/1 Sokak No. 3 (T\u00fcrkei\/T\u00fcrkiye), werden im Rahmen dieses Vertrags f\u00fcr die Dauer der Buchung lediglich zur Beherbergung bereitgestellt. Die Immobilie und das dortige t\u00fcrkische Gewerbe befindet sich im Eigentum von Frau Nesrin Arslan, welche Mutter des Vertragspartners ist. Sie stellt ihm und seinem deutschen Gewerbe diese Immobilie zwecks tempor\u00e4rer touristischer Vermietung zur Verf\u00fcgung, ist jedoch weder in Buchungsvorg\u00e4nge noch in Zahlungen oder Vertragsgestaltung eingebunden. Sie ist&nbsp;nicht Vertragspartner&nbsp;des Gastes. Der alleinige Vertragspartner f\u00fcr Buchungen, Zahlungen und s\u00e4mtliche mit der Buchung verbundenen Leistungen ist der Anbieter. Frau Nesrin Arslan stellt die Immobilie dem Anbieter zwecks tempor\u00e4rer touristischer Vermietung zur Verf\u00fcgung, ist jedoch&nbsp;nicht in Buchungsvorg\u00e4nge, Zahlungen, Kommunikation mit G\u00e4sten oder die Vertragsgestaltung involviert. Sie ist&nbsp;nicht Vertragspartner&nbsp;des Gastes. Die Schl\u00fcssel\u00fcbergabe vor Ort erfolgt ggf. durch Frau Nesrin Arslan im Auftrag des Anbieters. Sie handelt dabei ausschlie\u00dflich als Erf\u00fcllungsgehilfin und ist nicht Vertragspartnerin des Gastes.<\/li>\n\n\n\n<li>Die Person, die die Buchung vornimmt, best\u00e4tigt hiermit, dass sie entweder pers\u00f6nlich ein Vertragspartner wird oder im Falle einer Firmenbuchung \u00fcber die erforderliche Berechtigung verf\u00fcgt, im Namen des Unternehmens zu handeln.&nbsp;Der Buchende verpflichtet sich, korrekte und vollst\u00e4ndige Angaben zu seiner Person oder, bei Firmenbuchungen, zum Unternehmen zu machen.&nbsp;F\u00fcr falsche oder unvollst\u00e4ndige Angaben haftet der Buchende pers\u00f6nlich.\u200b<\/li>\n\n\n\n<li>Die Buchung im Namen Dritter ist nur mit deren ausdr\u00fccklicher Zustimmung zul\u00e4ssig. In diesem Fall bleibt die buchende Person f\u00fcr die Erf\u00fcllung aller vertraglichen Pflichten verantwortlich.<\/li>\n\n\n\n<li>Die korrekte Anzahl an G\u00e4sten (Erwachsene und Kinder z\u00e4hlen gleicherma\u00dfen als &#8222;Personen&#8220;) muss bei der Buchung angegeben werden. Kleinkinder unter 2 Jahren werden nicht mitgez\u00e4hlt.<\/li>\n\n\n\n<li>Nachtr\u00e4gliche \u00c4nderungen hinsichtlich der G\u00e4stezahl sind sp\u00e4testens\u00a0einen Tag vor Check-in\u00a0mitzuteilen. Eine nachtr\u00e4gliche Erh\u00f6hung der G\u00e4stezahl ist nur mit unserer Zustimmung m\u00f6glich und kann zu einer Anpassung des Gesamtpreises f\u00fchren. Im Falle einer Reduzierung der G\u00e4stezahl nach erfolgter Buchung erfolgt keine R\u00fcckerstattung der Differenz zum urspr\u00fcnglichen Buchungsbetrag.<\/li>\n\n\n\n<li>Das Einladen von Dritten in die Villa ist nur nach\u00a0vorheriger schriftlicher Zustimmung\u00a0gestattet \u2013 auch f\u00fcr kurze Besuche.<\/li>\n\n\n\n<li>Sie best\u00e4tigen, die Hinweise unter <a href=\"#wichtiges\"><strong>\u201eWICHTIGE WEITERE INFORMATIONEN\u201c<\/strong><\/a> (nachfolgend weiter unten zu finden) gelesen und akzeptiert zu haben.<\/li>\n\n\n\n<li>Die Anmietung unserer Villa erfolgt ausschlie\u00dflich zur vor\u00fcbergehenden Beherbergung gem\u00e4\u00df \u00a7\u00a7 535 ff. BGB nach deutschem Recht und begr\u00fcndet kein Wohnraummietverh\u00e4ltnis im Sinne der \u00a7\u00a7 549 ff. BGB. Eine Nutzung zu Wohnzwecken oder die Anmeldung eines Wohnsitzes ist ausdr\u00fccklich ausgeschlossen. Unsere Unterk\u00fcnfte sind ausschlie\u00dflich f\u00fcr eine begrenzte Dauer und nicht f\u00fcr eine dauerhafte Wohnnutzung vorgesehen.<\/li>\n<\/ol>\n\n\n\n<h3 class=\"wp-block-heading\">\u00a7 <strong>3. Hausordnung<\/strong><\/h3>\n\n\n\n<ol class=\"wp-block-list\">\n<li>Verboten sind:\n<ol class=\"wp-block-list\">\n<li>Rauchen oder Vorbereiten von Tabakprodukten in den Unterk\u00fcnften und Treppenh\u00e4usern.<\/li>\n\n\n\n<li>Haustiere (z. B. Hunde, Katzen).<\/li>\n\n\n\n<li>Events und Feiern (z. B. Partys, Junggesellenabschiede).<\/li>\n\n\n\n<li>Gewerbliche Nutzung der Villa jeglicher Art. Bei Verdacht auf zweckwidrige Nutzung behalten wir uns das Recht vor, den Beherbergungsvertrag fristlos zu k\u00fcndigen und eine Geb\u00fchr von mindestens 500,00 \u20ac (inkl. MwSt) als pauschalen Schadensersatz zu erheben. Die endg\u00fcltige H\u00f6he kann je nach Schaden individuell berechnet werden, wobei die Geb\u00fchr in jedem Fall mindestens 500,00 \u20ac (inkl. MwSt) betr\u00e4gt.<\/li>\n<\/ol>\n<\/li>\n\n\n\n<li>Eltern haften f\u00fcr ihre Kinder. Besonders kleine Kinder d\u00fcrfen nicht unbeaufsichtigt in den Unterk\u00fcnften, auf Balkonen\/Terrassen oder in Pool-\/Fenstern\u00e4he sein.<\/li>\n\n\n\n<li>Die Nachtruhe ab 22:00 Uhr Abends und bis 08:00 Uhr Morgens ist stets einzuhalten.<\/li>\n\n\n\n<li>Eine Nutzung der Unterk\u00fcnfte als dauerhafter Wohnsitz oder die Anmeldung beim Einwohnermeldeamt ist f\u00fcr alle unsere Unterk\u00fcnfte strikt untersagt, da sie alle nur einer befristeten Beherbergung dienen.<\/li>\n<\/ol>\n\n\n\n<h3 class=\"wp-block-heading\">\u00a7 <strong>4. Haftung &amp; Sch\u00e4den<\/strong><\/h3>\n\n\n\n<ol class=\"wp-block-list\">\n<li>G\u00e4ste haften f\u00fcr Sch\u00e4den, die durch sie oder mitgereiste Personen verursacht wurden, und stellen uns von etwaigen Anspr\u00fcchen Dritter frei. Besch\u00e4digungen an R\u00e4umen, Ger\u00e4ten oder Inventar sind\u00a0unverz\u00fcglich zu melden.<\/li>\n\n\n\n<li>Sofortige Meldepflicht\u00a0besteht auch bei Diebstahl, Brand-, Wasser- oder sonstigen Sch\u00e4den. G\u00e4ste sind verpflichtet, zur Aufkl\u00e4rung oder Behebung beizutragen.<\/li>\n\n\n\n<li>Verlust von Schl\u00fcsseln:\u00a0F\u00fcr jeden verlorenen Schl\u00fcssel wird eine\u00a0Geb\u00fchr von 200,00 \u20ac (inkl. MwSt)\u00a0erhoben.<\/li>\n<\/ol>\n\n\n\n<h3 class=\"wp-block-heading\">\u00a7 <strong>5. Fundsachen<\/strong><\/h3>\n\n\n\n<ol class=\"wp-block-list\">\n<li>Wir haften nicht f\u00fcr verlorene oder vergessene Gegenst\u00e4nde (bzw. Fundsachen), es sei denn, uns trifft grobe Fahrl\u00e4ssigkeit oder Vorsatz.<\/li>\n\n\n\n<li>R\u00fccksendungen von Fundsachen werden nicht angeboten.<\/li>\n\n\n\n<li>Nicht abgeholte Fundsachen werden nach\u00a03 Monaten\u00a0entsorgt, gemeinn\u00fctzigen Organisationen gespendet oder Finder:innen \u00fcberlassen.<\/li>\n<\/ol>\n\n\n\n<h3 class=\"wp-block-heading\">\u00a7 <strong>6. Stellpl\u00e4tze &amp; Parken<\/strong><\/h3>\n\n\n\n<ol class=\"wp-block-list\">\n<li>Falls ein Stellplatz zur Verf\u00fcgung gestellt wird (auch gegen Entgelt), kommt\u00a0kein Verwahrungsvertrag\u00a0zustande.<\/li>\n\n\n\n<li>Keine Haftung f\u00fcr\u00a0Diebstahl oder Sch\u00e4den\u00a0an Fahrzeugen oder deren Inhalt.<\/li>\n<\/ol>\n\n\n\n<h3 class=\"wp-block-heading\" id=\"storno\">\u00a7 <strong>7. Stornierungsbedingungen<\/strong><\/h3>\n\n\n\n<p>Stornierungen f\u00fcr Buchungen \u00fcber unsere Webseite m\u00fcssen\u00a0schriftlich per E-Mail\u00a0an\u00a0<a href=\"mailto:mail@alashato.com\">mail@alashato.com<\/a>\u00a0oder\u00a0per SMS\u00a0an\u00a0+49 152 28781257\u00a0gesendet werden.<\/p>\n\n\n\n<h4 class=\"wp-block-heading\">1. <strong>Nicht-r\u00fcckerstattbare Rate (&#8222;Rate f\u00fcr smarte Sparer&#8220;)<\/strong><\/h4>\n\n\n\n<p>Falls Sie sich bei der Buchung \u00fcber unsere Webseite f\u00fcr unsere\u00a0nicht-r\u00fcckerstattbare Rate\u00a0\u2013 die sogenannte\u00a0&#8222;Rate f\u00fcr smarte Sparer&#8220;\u00a0\u2013 entscheiden, erfolgt\u00a0keine R\u00fcckerstattung, unabh\u00e4ngig vom Stornierungszeitpunkt.<\/p>\n\n\n\n<h4 class=\"wp-block-heading\">2. <strong>Teilweise r\u00fcckerstattbare Rate<\/strong><\/h4>\n\n\n\n<p>Die folgenden Stornierungsbedingungen gelten nur, wenn Sie sich bei der Buchung \u00fcber unsere Webseite f\u00fcr die\u00a0&#8222;Teilweise r\u00fcckerstattbare Rate&#8220;\u00a0entschieden haben:<\/p>\n\n\n\n<ol class=\"wp-block-list\">\n<li>Bis 60 Tage vor Check-in:\u00a0100% R\u00fcckerstattung des Gesamtbetrags.<\/li>\n\n\n\n<li>60 bis 45 Tage vor Check-in:\u00a050% R\u00fcckerstattung des Gesamtbetrags.<\/li>\n\n\n\n<li>45 bis 30 Tage vor Check-in:\u00a025% R\u00fcckerstattung des Gesamtbetrags.<\/li>\n\n\n\n<li>Weniger als 30 Tage vor Check-in oder bei Nichtanreise:\u00a0Pauschale R\u00fcckerstattung von\u00a0100 \u20ac, sofern Sie sich innerhalb von\u00a014 Tagen nach dem urspr\u00fcnglichen Check-out-Datum\u00a0bei uns melden.<\/li>\n<\/ol>\n\n\n\n<h4 class=\"wp-block-heading\">3. <strong>Bearbeitung von R\u00fcckerstattungen<\/strong><\/h4>\n\n\n\n<p>R\u00fcckerstattungen werden in der Regel innerhalb von 5\u20137 Werktagen\u00a0nach Eingang der Stornierung an die bei der Buchung verwendete Zahlungsmethode versandt.\u00a0Bitte beachten Sie, dass es je nach Bank und Zahlungsanbieter zus\u00e4tzliche Zeit in Anspruch nehmen kann, bis der Betrag tats\u00e4chlich bei Ihnen ersichtlich ist \u2013 dies liegt au\u00dferhalb unseres Einflussbereichs. R\u00fcckerstattungen erfolgen nur auf die urspr\u00fcnglich genutzte Zahlungsmethode. Eine Erstattung auf ein anderes Konto oder in bar ist ausgeschlossen.<\/p>\n\n\n\n<p><sup><strong>Beispielhafte Stornierung:<br>Wenn Sie auf unserer Webseite eine Buchung vom 30.05. bis 01.06.2027 mit teilweise r\u00fcckerstattbarer Rate f\u00fcr insgesamt 3000\u20ac mit Ihrer Kreditkarte gemacht h\u00e4tten und schweren Herzens feststellen w\u00fcrden, dass Sie leider stornieren m\u00fcssen, dann wird Ihnen nach schriftlicher Stornierung bis sp\u00e4testens zum 01.04.2027 00:00 Uhr per Email oder SMS der volle Gesamtbetrag (=3000\u20ac) innerhalb von meist 5-7 Tagen auf Ihre Kreditkarte zur\u00fcckerstattet. Bei Stornierung danach bis zum 16.04.2027 00:00 Uhr erhalten Sie noch die H\u00e4lfte, also 1500\u20ac, zur\u00fcck. Bei Stornierung danach bis zum 01.05.2027 00:00 Uhr noch ein Viertel des Gesamtpreises, also 750\u20ac. Bei Stornierungen danach oder bei einer Nichtanreise, erhalten sie pauschal 100\u20ac vom Gesamtpreis nach Anfrage zur\u00fcck, jedoch muss diese Anfrage sp\u00e4testens bis 14 Tage nach Check-Out-Datum erfolgen.<\/strong><\/sup><\/p>\n\n\n\n<h3 class=\"wp-block-heading\">\u00a7 <strong>8. Recht auf Beherbergungsr\u00fccktritt<\/strong><\/h3>\n\n\n\n<p>Wir sind aus wichtigem Grund berechtigt, eine Buchung zu stornieren und G\u00e4sten die weitere Beherbergung zu verweigern, wenn:<\/p>\n\n\n\n<ol class=\"wp-block-list\">\n<li>H\u00f6here Gewalt oder unvorhersehbare Umst\u00e4nde oder von uns nicht zu vertretende Umst\u00e4nde die Unterbringung unm\u00f6glich machen.<\/li>\n\n\n\n<li>G\u00e4ste irref\u00fchrende oder falsche Angaben zu ihrer Person oder zum Zweck ihres Aufenthalts gemacht haben.<\/li>\n\n\n\n<li>Wir den begr\u00fcndeten Anlass zu der Annahme haben, dass die Inanspruchnahme unserer Unterk\u00fcnfte durch den Gast den reibungslosen Gesch\u00e4ftsbetrieb oder die Sicherheit von G\u00e4sten oder unseres Beherbergungsbetriebs gef\u00e4hrden kann.<\/li>\n\n\n\n<li>St\u00f6rung des Betriebsablaufs&nbsp;(z. B. laute Partys, Bel\u00e4stigung anderer G\u00e4ste oder Nachbarn).<\/li>\n\n\n\n<li>Die Unterk\u00fcnfte unbefugt an Dritte weitergegeben werden.<\/li>\n\n\n\n<li>Missachtung beh\u00f6rdlicher Anordnungen&nbsp;(z. B. illegale Nutzung, bestimmte Rauchverbote, &#8230;).<\/li>\n\n\n\n<li>Vors\u00e4tzlicher oder grob fahrl\u00e4ssiger Besch\u00e4digung der Unterkunft oder deren Einrichtung.<\/li>\n\n\n\n<li>Auch eine Anmeldung der Unterk\u00fcnfte als Wohnsitz oder Anzeichen einer dauerhaften Wohnnutzung berechtigen uns zur sofortigen K\u00fcndigung des Beherbergungsvertrags ohne R\u00fcckerstattung.<\/li>\n<\/ol>\n\n\n\n<p>Wir behalten uns vor, Ihnen etwaige mit diesen Punkten und dem Beherbergungsr\u00fccktritt verbundene Kosten in Rechnung zu stellen und eine R\u00fcckerstattung zu verweigern.<\/p>\n\n\n\n<h3 class=\"wp-block-heading\">\u00a7 <strong>9. Vertragsbruch &amp; Sondergeb\u00fchren<\/strong><\/h3>\n\n\n\n<ol class=\"wp-block-list\">\n<li>Bei Verst\u00f6\u00dfen gegen diese Bedingungen behalten wir uns vor, G\u00e4sten\u00a0umgehend den \u2013ggf. auch weiteren\u2013 Aufenthalt zu verweigern und bereits genutzte sowie verbleibende N\u00e4chte\u00a0voll zu berechnen.<\/li>\n\n\n\n<li>Falls in den Unterk\u00fcnften geraucht, Haustiere mitgebracht, ein Event veranstaltet wurde oder eine au\u00dferordentliche Verschmutzung vorliegt, wird eine Reinigungsgeb\u00fchr von mindestens 250,00 \u20ac (inkl. MwSt) erhoben. Die endg\u00fcltige H\u00f6he kann je nach Verschmutzungsgrad individuell berechnet werden, wobei die Geb\u00fchr in jedem Fall mindestens 150,00 \u20ac betr\u00e4gt. &#8222;Au\u00dferordentliche Verschmutzung&#8220; umfasst, ist aber nicht beschr\u00e4nkt auf: Starke Verschmutzung von W\u00e4nden\/Decken\/B\u00f6den\/Fenstern, starke Flecken auf M\u00f6beln oder Teppichen, viele Essensreste au\u00dferhalb der vorgesehenen Bereiche, \u00fcberm\u00e4\u00dfige M\u00fcllansammlung oder Hinterlassen von unangenehmen Ger\u00fcchen durch Tabakkonsum oder andere Substanzen.<\/li>\n<\/ol>\n\n\n\n<h3 class=\"wp-block-heading\">\u00a7 <strong>10. Rechtswahl &amp; Gerichtsstand<\/strong><\/h3>\n\n\n\n<ol class=\"wp-block-list\">\n<li>Es gilt ausschlie\u00dflich das\u00a0Recht der Bundesrepublik Deutschland.<\/li>\n\n\n\n<li>Gerichtsstand ist\u00a0Neu-Ulm. Wir sind jedoch berechtigt, Klagen und sonstige gerichtliche Verfahren auch am allgemeinen Gerichtsstand des Gastes anh\u00e4ngig zu machen.<\/li>\n\n\n\n<li>Falls einzelne Klauseln unwirksam sein sollten, bleiben die \u00fcbrigen Bedingungen weiterhin g\u00fcltig.<\/li>\n<\/ol>\n\n\n\n<h3 class=\"wp-block-heading\">\u00a7 <strong>11. <strong>Hinweise zur Vertragsstruktur und Steuerhoheit<\/strong><\/strong><\/h3>\n\n\n\n<p>Diese vertragliche und wirtschaftliche Struktur dient der ausschlie\u00dflichen Steuerhoheit Deutschlands. Eine Betriebsst\u00e4tte im Sinne des t\u00fcrkischen Steuerrechts wird dadurch nicht begr\u00fcndet. Eine gewerbliche T\u00e4tigkeit in der T\u00fcrkei findet nicht statt. Der gesamte Beherbergungsbetrieb erfolgt ausschlie\u00dflich im Namen und auf Rechnung des deutschen Anbieters Sebahattin Enes Arslan mit Sitz in Deutschland. Alle Buchungen, Zahlungen, Preisgestaltungen sowie der gesamte Kundenkontakt werden von Deutschland aus abgewickelt. Die Immobilieneigent\u00fcmerin Frau Nesrin Arslan stellt dem Anbieter die Immobilie lediglich passiv zur Nutzung zur Verf\u00fcgung, ohne in irgendeiner Weise an den betrieblichen Abl\u00e4ufen oder Entscheidungen beteiligt zu sein.<\/p>\n\n\n\n<h3 class=\"wp-block-heading\">\u00a7 <strong>12. \u00c4nderung der AGB<\/strong><\/h3>\n\n\n\n<p>Wir behalten uns das Recht vor, diese AGB jederzeit zu \u00e4ndern, soweit dies f\u00fcr den Gesch\u00e4ftsbetrieb notwendig ist und G\u00e4ste hierdurch nicht unangemessen benachteiligt werden. \u00c4nderungen werden auf unserer Webseite ver\u00f6ffentlicht und gelten f\u00fcr zuk\u00fcnftige Buchungen ab dem Zeitpunkt der Ver\u00f6ffentlichung.<\/p>\n\n\n\n<hr class=\"wp-block-separator has-alpha-channel-opacity\" id=\"wichtiges\"\/>\n\n\n\n<h3 class=\"wp-block-heading\"><strong>WICHTIGE WEITERE INFORMATIONEN<\/strong>:<\/h3>\n\n\n\n<ol class=\"wp-block-list\">\n<li>Kein Fr\u00fchst\u00fcck &amp; keine Zwischenreinigung:\u00a0Wir bieten keine Verpflegung oder Zwischenreinigung w\u00e4hrend Ihres Aufenthalts an.<\/li>\n\n\n\n<li>Rechtlicher Kamera-Hinweis: Es erfolgt eine Video\u00fcberwachung unseres Grundst\u00fccks zur Wahrnehmung des Hausrechts, zur Vermeidung von Straftaten sowie zur Beweissicherung bei Straftaten. Die Video\u00fcberwachung erfolgt in \u00dcbereinstimmung mit den geltenden Datenschutzbestimmungen. Betroffene Personen haben das Recht auf Auskunft, L\u00f6schung und Widerspruch gem\u00e4\u00df DSGVO.<\/li>\n<\/ol>\n\n\n\n<hr class=\"wp-block-separator has-alpha-channel-opacity\"\/>\n","protected":false},"excerpt":{"rendered":"<p>Nachfolgend unsere Allgemeinen \u00dcbernachtungs-\/Beherbergungsbedingungen, auch &#8222;Allgemeine Gesch\u00e4ftsbedingungen&#8220; [AGB] genannt: Stand 07.04.2025 22:09 Uhr \u00a7 1. Geltungsbereich dieser AGB Diese Allgemeinen Gesch\u00e4ftsbedingungen (AGB) gelten f\u00fcr alle Buchungen in unseren Unterk\u00fcnften, unabh\u00e4ngig davon, ob sie direkt \u00fcber unsere Webseite oder \u00fcber Drittanbieter-Plattformen erfolgen. Falls auf einer Drittanbieter-Plattform besondere Bedingungen gelten (z. B. zu Stornierung oder Zahlung), haben [&hellip;]<\/p>\n","protected":false},"author":1,"featured_media":0,"parent":0,"menu_order":0,"comment_status":"closed","ping_status":"closed","template":"","meta":{"inline_featured_image":false,"footnotes":""},"class_list":["post-277","page","type-page","status-publish","hentry"],"_links":{"self":[{"href":"https:\/\/alashato.com\/en\/wp-json\/wp\/v2\/pages\/277","targetHints":{"allow":["GET"]}}],"collection":[{"href":"https:\/\/alashato.com\/en\/wp-json\/wp\/v2\/pages"}],"about":[{"href":"https:\/\/alashato.com\/en\/wp-json\/wp\/v2\/types\/page"}],"author":[{"embeddable":true,"href":"https:\/\/alashato.com\/en\/wp-json\/wp\/v2\/users\/1"}],"replies":[{"embeddable":true,"href":"https:\/\/alashato.com\/en\/wp-json\/wp\/v2\/comments?post=277"}],"version-history":[{"count":59,"href":"https:\/\/alashato.com\/en\/wp-json\/wp\/v2\/pages\/277\/revisions"}],"predecessor-version":[{"id":6912,"href":"https:\/\/alashato.com\/en\/wp-json\/wp\/v2\/pages\/277\/revisions\/6912"}],"wp:attachment":[{"href":"https:\/\/alashato.com\/en\/wp-json\/wp\/v2\/media?parent=277"}],"curies":[{"name":"wp","href":"https:\/\/api.w.org\/{rel}","templated":true}]}}