{"id":2655,"date":"2025-02-03T23:47:34","date_gmt":"2025-02-03T22:47:34","guid":{"rendered":"https:\/\/www.f10apartments.de\/?page_id=2655"},"modified":"2025-04-02T16:46:33","modified_gmt":"2025-04-02T14:46:33","slug":"datenschutzerklaerung","status":"publish","type":"page","link":"https:\/\/alashato.com\/en\/datenschutzerklaerung\/","title":{"rendered":"PRIVACY POLICY"},"content":{"rendered":"\n<h6 class=\"wp-block-heading\">I) Pr\u00e4ambel<\/h6>\n\n\n\n<p>Herzlich Willkommen auf unserer Webseite! Wir legen gr\u00f6\u00dften Wert auf den Schutz Ihrer Daten und die Wahrung Ihrer Privatsph\u00e4re. Wir m\u00f6chten nachfolgend darstellen, welche Daten wir wann und zu welchem Zweck erheben, verarbeiten und nutzen. Hierbei soll Ihnen erl\u00e4utert werden, wie unsere angebotenen Dienste arbeiten und wie hierbei der Schutz Ihrer personenbezogenen Daten gew\u00e4hrleistet wird.<\/p>\n\n\n\n<p>Diese Datenschutzerkl\u00e4rung kann jederzeit unter der URL&nbsp;<a href=\"https:\/\/alashato.com\/datenschutzerklaerung\/\">https:\/\/alashato.com\/datenschutzerklaerung\/<\/a>&nbsp;abgerufen, abgespeichert und ausgedruckt werden.<\/p>\n\n\n\n<h6 class=\"wp-block-heading\">II) Verantwortliche Stelle<\/h6>\n\n\n\n<p>Verantwortliche Stelle im Sinne der Datenschutzgesetze ist:<\/p>\n\n\n\n<p><strong>Sebahattin Enes Arslan<\/strong> (Einzelunternehmung)<br>Sonnenweg 16<br>89284 Pfaffenhofen a.d. Roth<br>Deutschland [Germany]<\/p>\n\n\n\n<p>Bei allgemeinen Fragen oder Anregungen an uns zum Thema Datenschutz k\u00f6nnen Sie sich jederzeit unter Verwendung dieser Kontaktdaten mit uns in Verbindung setzen.<\/p>\n\n\n\n<h6 class=\"wp-block-heading\">III) Anonyme Datenerhebung<\/h6>\n\n\n\n<p>Sie k\u00f6nnen unsere Webseiten besuchen, ohne Angaben zu Ihrer Person zu machen. Wir speichern in diesem Zusammenhang keinerlei pers\u00f6nliche Daten. Um unser Angebot zu verbessern, werten wir lediglich statistische Daten aus, die keinen R\u00fcckschluss auf Ihre Person erlauben.<\/p>\n\n\n\n<h6 class=\"wp-block-heading\">IV) Datenerhebung bei Buchung UND <strong>Weitergabe personenbezogener Daten an Drittl\u00e4nder<\/strong><\/h6>\n\n\n\n<p>Sollten Sie eine Buchung vornehmen wollen, so m\u00fcssen Sie w\u00e4hrend des Buchungsprozesses und des Check-Ins gewisse Angaben zu Ihrer Person machen.\u00a0 Zur Abwicklung Ihrer Buchung werden Ihre personenbezogenen Daten an Frau Nesrin Arslan, die Inhaberin der Villa und Betreiberin der Holiday Villa Alashato Ala\u00e7at\u0131 (Alacati Mahallesi 14005\/1 No. 3, 35930 \u00c7e\u015fme\/\u0130zmir, T\u00fcrkei [T\u00fcrkiye]) in der T\u00fcrkei, weitergegeben. Dies erfolgt auf Grundlage von Art. 49 Abs. 1 lit. b DSGVO, da die \u00dcbermittlung zur Erf\u00fcllung des Beherbergungsvertrags erforderlich ist. Bitte beachten Sie, dass die T\u00fcrkei kein sicheres Drittland im Sinne der DSGVO ist und die Datenschutzvorschriften dort nicht dem europ\u00e4ischen Standard entsprechen k\u00f6nnen. <br><br>In der T\u00fcrkei sind Beherbergungsbetriebe gesetzlich au\u00dferdem verpflichtet, die Daten ihrer G\u00e4ste zu erfassen und an die zust\u00e4ndigen lokalen Beh\u00f6rden (bspw. Polizei, Jandarmerie, &#8230;) zu \u00fcbermitteln. Diese Erfassung erfolgt gem\u00e4\u00df den gesetzlichen Bestimmungen und dient unter anderem der \u00f6ffentlichen Sicherheit.<\/p>\n\n\n\n<p>G\u00e4ste m\u00fcssen ggf. daher am Tag der Ankunft (Check-in) ein Meldeformular ausf\u00fcllen und handschriftlich unterschreiben. Dieses Formular enth\u00e4lt in der Regel folgende Angaben:<\/p>\n\n\n\n<ul class=\"wp-block-list\">\n<li>Datum der Ankunft und der voraussichtlichen Abreise,<\/li>\n\n\n\n<li>Familienname,<\/li>\n\n\n\n<li>Vorname,<\/li>\n\n\n\n<li>Geburtsdatum,<\/li>\n\n\n\n<li>Staatsangeh\u00f6rigkeit,<\/li>\n\n\n\n<li>Anschrift,<\/li>\n\n\n\n<li>Anzahl und Staatsangeh\u00f6rigkeit der Mitreisenden,<\/li>\n\n\n\n<li>Seriennummer des anerkannten und g\u00fcltigen Reisepasses oder eines gleichwertigen Identit\u00e4tsdokuments bei ausl\u00e4ndischen G\u00e4sten (Vorzeigen kann erforderlich sein).<\/li>\n<\/ul>\n\n\n\n<p>Die erfassten Daten werden von der Betreiberin der Unterkunft an die zust\u00e4ndigen t\u00fcrkischen Beh\u00f6rden \u00fcbermittelt. Zudem sind die Unterlagen f\u00fcr eine gesetzlich vorgeschriebene Dauer aufzubewahren, um beh\u00f6rdlichen Pr\u00fcfungen nachkommen zu k\u00f6nnen. Die steuerlich relevanten Buchungsdaten werden entsprechend den gesetzlichen Aufbewahrungsfristen archiviert.<\/p>\n\n\n\n<h6 class=\"wp-block-heading\">V) Log-Files<\/h6>\n\n\n\n<p>Der Hostprovider unserer Website erhebt und speichert gegebenenfalls Informationen in so genannten Server-Log-Files. Bei den Informationen handelt es sich um Daten, welche durch Ihren jeweiligen Browser und ohne Ihr weiteres Zutun, bei einem Aufruf unserer Website \u00fcbertragen werden. Hiervon sind folgende Angaben erfasst:<\/p>\n\n\n\n<ul class=\"wp-block-list\">\n<li>Die Uhrzeit des Aufrufs (Anfrage an den Server des Hostproviders),<\/li>\n\n\n\n<li>URL der Website, von welcher aus Sie unsere Website aufgerufen haben,<\/li>\n\n\n\n<li>das Betriebssystem, welches Sie verwenden,<\/li>\n\n\n\n<li>Typ und Version des von Ihnen verwendeten Browsers,<\/li>\n\n\n\n<li>Hostname Ihres Rechners.<\/li>\n<\/ul>\n\n\n\n<p>Diese Daten weisen keinen Personenbezug auf, welcher auch nicht durch Zusammenf\u00fchren mit weiteren Datenquellen hergestellt wird. Im Falle rechtswidriger Nutzung unseres Angebotes werden wir diese Daten jedoch gegebenenfalls pr\u00fcfen<\/p>\n\n\n\n<h6 class=\"wp-block-heading\">VI) Cookies<\/h6>\n\n\n\n<p>Unsere Website verwendet Cookies. Es handelt sich dabei um Textdateien, die auf Ihrem Computer gespeichert werden, um die Nutzung unserer Website komfortabler zu machen. In Ihren Browsereinstellungen k\u00f6nnen Sie das Setzen von Cookies einschr\u00e4nken oder g\u00e4nzlich verhindern. Sie k\u00f6nnen auch die automatische L\u00f6schung von Cookies bei der Schlie\u00dfung des Browserfensters veranlassen; wir weisen Sie jedoch darauf hin, dass Sie in beiden F\u00e4llen gegebenenfalls nicht s\u00e4mtliche Funktionen dieser Website vollumf\u00e4nglich werden nutzen k\u00f6nnen.<\/p>\n\n\n\n<h6 class=\"wp-block-heading\">VII) Nutzung von Google Analytics<\/h6>\n\n\n\n<p>Diese Website benutzt Google Analytics, einen Webanalysedienst der Google Inc. (\u201eGoogle\u201c), 1600 Amphitheatre Parkway, Mountain View, CA 94043, USA. Google Analytics verwendet sogenannte \u201eCookies\u201c, Textdateien, die auf Ihrem Computer gespeichert werden und die eine Analyse der Benutzung der Website durch Sie erm\u00f6glichen. Die durch den Cookie erzeugten Informationen \u00fcber Ihre Benutzung dieser Website (einschlie\u00dflich Ihrer IP-Adresse) wird an einen Server von Google, m\u00f6glicherweise in den USA oder anderen Drittstaaten, \u00fcbertragen und dort gespeichert. Zur Umsetzung beh\u00f6rdlicher Datenschutzvorgaben im Umgang mit Google Analytics verwenden wir die durch Google zur Verf\u00fcgung gestellte Funktion \u201eanonymize IP\u201c. Hierdurch wird Ihre IP-Adresse von Google innerhalb von Mitgliedstaaten der Europ\u00e4ischen Union oder in anderen Vertragsstaaten des Abkommens \u00fcber den Europ\u00e4ischen Wirtschaftsraum zuvor gek\u00fcrzt. Nur in Ausnahmef\u00e4llen wird die volle IP-Adresse an einen Server von Google in den USA \u00fcbertragen und dort gek\u00fcrzt. Google wird diese Informationen benutzen, um Ihre Nutzung der Website auszuwerten, um Reports \u00fcber die Websiteaktivit\u00e4ten f\u00fcr die Websitebetreiber zusammenzustellen und um weitere mit der Websitenutzung und der Internetnutzung verbundene Dienstleistungen zu erbringen. Auch wird Google diese Informationen gegebenenfalls an Dritte \u00fcbertragen, sofern dies gesetzlich vorgeschrieben oder soweit Dritte diese Daten im Auftrag von Google verarbeiten. Google wird in keinem Fall Ihre IP-Adresse mit anderen Daten von Google in Verbindung bringen. Sie k\u00f6nnen die Installation der Cookies durch eine entsprechende Einstellung Ihrer Browser Software verhindern; wir weisen Sie jedoch darauf hin, dass Sie in diesem Fall gegebenenfalls nicht s\u00e4mtliche Funktionen dieser Website vollumf\u00e4nglich nutzen k\u00f6nnen. Durch die Nutzung dieser Website erkl\u00e4ren Sie sich mit der Bearbeitung der \u00fcber Sie erhobenen Daten durch Google in der zuvor beschriebenen Art und Weise und zu dem zuvor benannten Zweck einverstanden.<\/p>\n\n\n\n<p>Sie k\u00f6nnen der Erhebung und Speicherung Ihrer Daten jederzeit mit Wirkung f\u00fcr die Zukunft widersprechen. Hierzu k\u00f6nnen Sie die Erfassung der durch das Cookie erzeugten und auf Ihre Nutzung der Website bezogenen Daten (inkl. Ihrer IP-Adresse) an Google sowie die Verarbeitung dieser Daten durch Google verhindern, indem Sie das unter dem folgenden Link verf\u00fcgbare Browser-Plug-In herunterladen und installieren:&nbsp;<a href=\"https:\/\/tools.google.com\/dlpage\/gaoptout?hl=de\" target=\"_blank\" rel=\"noreferrer noopener\">https:\/\/tools.google.com\/dlpage\/gaoptout?hl=de<\/a><\/p>\n\n\n\n<p>Auch k\u00f6nnen Sie die Erfassung durch Google Analytics verhindern, indem Sie auf folgenden Link klicken. Es wird ein Opt-Out-Cookie gesetzt, das die zuk\u00fcnftige Erfassung Ihrer Daten beim Besuch dieser Website verhindert:&nbsp;<a>Google Analytics deaktivieren<\/a>.<\/p>\n\n\n\n<p>Weitere Informationen zum Datenumgang im Zusammenhang mit Google Analytics entnehmen Sie bitte der Datenschutzerkl\u00e4rung von Google:&nbsp;<a href=\"https:\/\/support.google.com\/analytics\/answer\/6004245?hl=de\" target=\"_blank\" rel=\"noreferrer noopener\">https:\/\/support.google.com\/analytics\/answer\/6004245?hl=de&nbsp;<\/a><\/p>\n\n\n\n<p>Google Analytics wird zudem verwendet, um Daten aus AdWords und dem Double-Click-Cookie zu statistischen Zwecken auszuwerten. Sollten Sie dies nicht w\u00fcnschen, k\u00f6nnen Sie dies \u00fcber den Anzeigenvorgaben-Manager (<a href=\"http:\/\/www.google.com\/settings\/ads\/onweb\/?hl=de\" target=\"_blank\" rel=\"noreferrer noopener\">http:\/\/www.google.com\/settings\/ads\/onweb\/?hl=de<\/a>) deaktivieren. Zur weiteren Umsetzung der beh\u00f6rdlichen Vorgaben zum rechtskonformen Einsatz von Google Analytics haben wir mit Google einen Vertrag zur Auftragsdatenverarbeitung geschlossen.<\/p>\n\n\n\n<h6 class=\"wp-block-heading\">VIII) Datenschutzerkl\u00e4rung f\u00fcr die Nutzung von Google Adsense<\/h6>\n\n\n\n<p>Diese Website benutzt Google AdSense, einen Dienst zum Einbinden von Werbeanzeigen der Google Inc. (\u201eGoogle\u201c). Google AdSense verwendet sog. \u201eCookies\u201c, Textdateien, die auf Ihrem Computer gespeichert werden und die eine Analyse der Benutzung der Website erm\u00f6glicht. Google AdSense verwendet auch so genannte Web Beacons (unsichtbare Grafiken). Durch diese Web Beacons k\u00f6nnen Informationen wie der Besucherverkehr auf diesen Seiten ausgewertet werden. Die durch Cookies und Web Beacons erzeugten Informationen \u00fcber die Benutzung dieser Website (einschlie\u00dflich Ihrer IP-Adresse) und Auslieferung von Werbeformaten werden an einen Server von Google in den USA \u00fcbertragen und dort gespeichert. Diese Informationen k\u00f6nnen von Google an Vertragspartner von Google weiter gegeben werden. Google wird Ihre IP-Adresse jedoch nicht mit anderen von Ihnen gespeicherten Daten. Sie k\u00f6nnen die Installation der Cookies durch eine entsprechende Einstellung Ihrer Browser Software verhindern; wir weisen Sie jedoch darauf hin, dass Sie in diesem Fall gegebenenfalls nicht s\u00e4mtliche Funktionen dieser Website voll umf\u00e4nglich nutzen k\u00f6nnen. Durch die Nutzung dieser Website erkl\u00e4ren Sie sich mit der Bearbeitung der \u00fcber Sie erhobenen Daten durch Google in der zuvor beschriebenen Art und Weise und zu dem zuvor benannten Zweck einverstanden.<\/p>\n\n\n\n<h6 class=\"wp-block-heading\">IX) Verwendung von Facebook-Plugins<\/h6>\n\n\n\n<p>Auf diesen Internetseiten werden Plugins des sozialen Netzwerkes facebook.com verwendet, das von der Facebook Inc., 1601 S. California Ave, Palo Alto, CA 94304, USA betrieben wird (\u201cFacebook\u201d ). Wenn Sie mit einen solchen Plugin versehene Internetseiten unserer Internetpr\u00e4senz aufrufen, wird eine Verbindung zu den Facebook-Servern hergestellt und dabei das Plugin durch Mitteilung an Ihren Browser auf der Internetseite dargestellt. Hierdurch wird an den Facebook-Server \u00fcbermittelt, welche unserer Internetseiten Sie besucht haben. Sind Sie dabei als Mitglied bei Facebook eingeloggt, ordnet Facebook diese Information Ihrem pers\u00f6nlichen Facebook-Benutzerkonto zu. Bei der Nutzung der Plugin-Funktionen (z.B. Anklicken des \u201eGef\u00e4llt mir\u201c-Buttons, Abgabe eines Kommentars) werden auch diese Informationen Ihrem Facebook-Konto zugeordnet, was Sie nur durch Ausloggen vor Nutzung des Plugins verhindern k\u00f6nnen.<\/p>\n\n\n\n<p>Wenn Sie nicht m\u00f6chten, dass Facebook die gesammelten Informationen unmittelbar Ihrem Facebook Profil zuordnet, m\u00fcssen Sie sich entweder vor dem Besuch unserer Seite bei Facebook ausloggen oder Sie nutzen das von Facebook zur Verf\u00fcgung gestellte Add-On f\u00fcr Ihren Browser&nbsp;<a href=\"https:\/\/www.comparitech.com\/blog\/vpn-privacy\/stop-facebook-tracking\/\" target=\"_blank\" rel=\"noreferrer noopener\">https:\/\/www.comparitech.com\/blog\/vpn-privacy\/stop-facebook-tracking\/<\/a>. Hierdurch k\u00f6nnen Sie das Laden der Facebook Plugins blockieren. N\u00e4here Informationen zur Erhebung und Nutzung der Daten durch Facebook, \u00fcber Ihre diesbez\u00fcglichen Rechte und M\u00f6glichkeiten zum Schutz Ihrer Privatsph\u00e4re finden Sie in den Datenschutzhinweisen von Facebook.<\/p>\n\n\n\n<h6 class=\"wp-block-heading\">X) Erhebung, Verarbeitung und Nutzung personenbezogener Daten im Zusammenhang mit Google Maps<\/h6>\n\n\n\n<p>Diese Website benutzt Google Maps, einen Kartendienst der Google Inc. (\u201eGoogle\u201c), 1600 Amphitheatre Parkway, Mountain View, CA 94043, USA. Wenn Sie eine Unterseite aufrufen, auf der sich eine interaktive Karte des Dienstes befindet, werden verschiedene Daten, insbesondere Ihre IP-Adresse und die Information \u00fcber Ihren Besuch unserer Website, an einen Server von Google gesendet und dort gespeichert. Dieser Server kann sich in den USA oder anderen Staaten befinden. Der Transfer Ihrer Daten in einige der betroffenen L\u00e4nder kann datenschutzrechtlich bedenklich sein, da hierbei zum Teil kein ad\u00e4quates Niveau des Datenschutzes gew\u00e4hrleistet wird. Es besteht die M\u00f6glichkeit Google Maps zu deaktivieren und den Datentransfer an Google zu unterbinden: Deaktivieren Sie dazu JavaScript in Ihrem Browser. Wir weisen Sie jedoch darauf hin, dass dies die Nutzung des Kartenausschnittes unm\u00f6glich macht und gegebenenfalls weitere Funktionen unserer Website beeintr\u00e4chtigt.<\/p>\n\n\n\n<h6 class=\"wp-block-heading\">XI) Eingebettete YouTube-Videos<\/h6>\n\n\n\n<p>Auf einigen unserer Webseiten betten wir Youtube-Videos ein. Betreiber der entsprechenden Plugins ist die YouTube, LLC, 901 Cherry Ave., San Bruno, CA 94066, USA. Wenn Sie eine Seite mit dem YouTube-Plugin besuchen, wird eine Verbindung zu Servern von Youtube hergestellt. Dabei wird Youtube mitgeteilt, welche Seiten Sie besuchen. Wenn Sie in Ihrem Youtube-Account eingeloggt sind, kann Youtube Ihr Surfverhalten Ihnen pers\u00f6nlich zuzuordnen. Dies verhindern Sie, indem Sie sich vorher aus Ihrem Youtube-Account ausloggen.&nbsp;Wird ein Youtube-Video gestartet, setzt der Anbieter Cookies ein, die Hinweise \u00fcber das Nutzerverhalten sammeln.&nbsp;Wer das Speichern von Cookies f\u00fcr das Google-Ad-Programm deaktiviert hat, wird auch beim Anschauen von Youtube-Videos mit keinen solchen Cookies rechnen m\u00fcssen. Youtube legt aber auch in anderen Cookies nicht-personenbezogene Nutzungsinformationen ab. M\u00f6chten Sie dies verhindern, so m\u00fcssen Sie das Speichern von Cookies im Browser blockieren.&nbsp;Weitere Informationen zum Datenschutz bei \u201eYoutube\u201c finden Sie in der Datenschutzerkl\u00e4rung des Anbieters unter:&nbsp;<a href=\"https:\/\/www.google.de\/intl\/de\/policies\/privacy\/\" target=\"_blank\" rel=\"noreferrer noopener\">https:\/\/www.google.de\/intl\/de\/policies\/privacy\/<\/a><\/p>\n\n\n\n<h6 class=\"wp-block-heading\">XII) Google Adwords<\/h6>\n\n\n\n<p>Unsere Webseite nutzt das Google Conversion-Tracking. Sind Sie \u00fcber eine von Google geschaltete Anzeige auf unsere Webseite gelangt, wird von Google Adwords ein Cookie auf Ihrem Rechner gesetzt. Das Cookie f\u00fcr Conversion-Tracking wird gesetzt, wenn ein Nutzer auf eine von Google geschaltete Anzeige klickt. Diese Cookies verlieren nach 30 Tagen ihre G\u00fcltigkeit und dienen nicht der pers\u00f6nlichen Identifizierung. Besucht der Nutzer bestimmte Seiten unserer Website und das Cookie ist noch nicht abgelaufen, k\u00f6nnen wir und Google erkennen, dass der Nutzer auf die Anzeige geklickt hat und zu dieser Seite weitergeleitet wurde. Jeder Google AdWords-Kunde erh\u00e4lt ein anderes Cookie. Cookies k\u00f6nnen somit nicht \u00fcber die Websites von AdWords-Kunden nachverfolgt werden. Die mithilfe des Conversion-Cookies eingeholten Informationen dienen dazu, Conversion-Statistiken f\u00fcr AdWords-Kunden zu erstellen, die sich f\u00fcr Conversion-Tracking entschieden haben. Die Kunden erfahren die Gesamtanzahl der Nutzer, die auf ihre Anzeige geklickt haben und zu einer mit einem Conversion-Tracking-Tag versehenen Seite weitergeleitet wurden. Sie erhalten jedoch keine Informationen, mit denen sich Nutzer pers\u00f6nlich identifizieren lassen.<\/p>\n\n\n\n<p>M\u00f6chten Sie nicht am Tracking teilnehmen, k\u00f6nnen Sie das hierf\u00fcr erforderliche Setzen eines Cookies ablehnen \u2013 etwa per Browser-Einstellung, die das automatische Setzen von Cookies generell deaktiviert oder Ihren Browser so einstellen, dass Cookies von der Domain \u201egoogleleadservices.com\u201c blockiert werden.<\/p>\n\n\n\n<p>Bitte beachten Sie, dass Sie die Opt-out-Cookies nicht l\u00f6schen d\u00fcrfen, solange Sie keine Aufzeichnung von Messdaten w\u00fcnschen. Haben Sie alle Ihre Cookies im Browser gel\u00f6scht, m\u00fcssen Sie das jeweilige Opt-out Cookie erneut setzen.<\/p>\n\n\n\n<h6 class=\"wp-block-heading\">XIII) Google Remarketing<\/h6>\n\n\n\n<p>Diese Webseite verwendet die Remarketing-Funktion der Google Inc. Die Funktion dient dazu, Webseitenbesuchern innerhalb des Google-Werbenetzwerks interessenbezogene Werbeanzeigen zu pr\u00e4sentieren. Im Browser des Webseitenbesuchers wird ein sog. \u201eCookie\u201c gespeichert, der es erm\u00f6glicht, den Besucher wiederzuerkennen, wenn dieser Webseiten aufruft, die dem Werbenetzwerk von Google angeh\u00f6ren. Auf diesen Seiten k\u00f6nnen dem Besucher Werbeanzeigen pr\u00e4sentiert werden, die sich auf Inhalte beziehen, die der Besucher zuvor auf Webseiten aufgerufen hat, die die Remarketing Funktion von Google verwenden.<\/p>\n\n\n\n<p>Nach eigenen Angaben erhebt Google bei diesem Vorgang keine personenbezogenen Daten. Sollten Sie die Funktion Remarketing von Google dennoch nicht w\u00fcnschen, k\u00f6nnen Sie diese grunds\u00e4tzlich deaktivieren, indem Sie die entsprechenden Einstellungen unter\u00a0<a href=\"http:\/\/www.google.com\/settings\/ads\" target=\"_blank\" rel=\"noreferrer noopener\">http:\/\/www.google.com\/settings\/ads<\/a> vornehmen. Alternativ k\u00f6nnen Sie den Einsatz von Cookies f\u00fcr interessenbezogene Werbung \u00fcber die Werbenetzwerkinitiative deaktivieren, indem Sie den Anweisungen unter\u00a0<a href=\"http:\/\/www.networkadvertising.org\/managing\/opt_out.asp\" target=\"_blank\" rel=\"noreferrer noopener\">http:\/\/www.networkadvertising.org\/managing\/opt_out.asp<\/a>\u00a0folgen.<\/p>\n\n\n\n<h6 class=\"wp-block-heading\">XIV) Verweise und Links<\/h6>\n\n\n\n<p>Bei direkten oder indirekten Verweisen auf fremde Webseiten (\u2019Hyperlinks\u2019), die au\u00dferhalb des Verantwortungsbereiches von Sebahattin Enes Arslan liegen, w\u00fcrde eine Haftungsverpflichtung ausschlie\u00dflich in dem Fall in Kraft treten, in dem Sebahattin Enes Arslan von den Inhalten Kenntnis hat und es ihm technisch m\u00f6glich und zumutbar w\u00e4re, die Nutzung im Falle rechtswidriger Inhalte zu verhindern.<\/p>\n\n\n\n<p>Sebahattin Enes Arslan erkl\u00e4rt hiermit ausdr\u00fccklich, dass zum Zeitpunkt der Linksetzung keine illegalen Inhalte auf den zu verlinkenden Seiten erkennbar waren. Auf die aktuelle und zuk\u00fcnftige Gestaltung, die Inhalte oder die Urheberschaft der verlinkten\/verkn\u00fcpften Seiten hat Sebahattin Enes Arslan keinerlei Einfluss. Deshalb distanziert er sich hiermit ausdr\u00fccklich von allen Inhalten aller verlinkten\/verkn\u00fcpften Seiten, die nach der Linksetzung ver\u00e4ndert wurden. Diese Feststellung gilt f\u00fcr alle innerhalb des eigenen Internetangebotes gesetzten Links und Verweise sowie f\u00fcr Fremdeintr\u00e4ge in von Sebahattin Enes Arslan eingerichteten G\u00e4steb\u00fcchern, Diskussionsforen, Linkverzeichnissen, Mailinglisten und in allen anderen Formen von Datenbanken, auf deren Inhalt externe Schreibzugriffe m\u00f6glich sind. F\u00fcr illegale, fehlerhafte oder unvollst\u00e4ndige Inhalte und insbesondere f\u00fcr Sch\u00e4den, die aus der Nutzung oder Nichtnutzung solcherart dargebotener Informationen entstehen, haftet allein der Anbieter der Seite, auf welche verwiesen wurde, nicht derjenige, der \u00fcber Links auf die jeweilige Ver\u00f6ffentlichung lediglich verweist.<\/p>\n\n\n\n<h6 class=\"wp-block-heading\">XV) Datensicherheit<\/h6>\n\n\n\n<p>Wir sichern unsere Website und sonstigen Systeme durch technische und organisatorische Ma\u00dfnahmen gegen Verlust, Zerst\u00f6rung, Zugriff, Ver\u00e4nderung oder Verbreitung Ihrer Daten durch unbefugte Personen. Trotz regelm\u00e4\u00dfiger Kontrollen ist ein vollst\u00e4ndiger Schutz gegen alle Gefahren jedoch nicht m\u00f6glich.<\/p>\n\n\n\n<h6 class=\"wp-block-heading\">XVI) \u00c4nderung der Datenschutzerkl\u00e4rung<\/h6>\n\n\n\n<p>Gesetzes\u00e4nderungen oder \u00c4nderungen unserer unternehmensinternen Prozesse k\u00f6nnen eine Anpassung dieser Datenschutzerkl\u00e4rung erforderlich machen.<\/p>\n\n\n\n<p>F\u00fcr den Fall einer solchen \u00c4nderung werden wir Ihnen dies sp\u00e4testens sechs Wochen vor Inkrafttreten der \u00c4nderung an dieser Stelle, oberhalb der \u00dcberschrift \u201eDatenschutzerkl\u00e4rung\u201c mitteilen. Ihnen steht generell (Ziffer XVIII) ein Widerrufsrecht hinsichtlich Ihrer erteilten Einwilligungen zu.<\/p>\n\n\n\n<p>Bitte beachten Sie, dass (sofern Sie keinen Gebrauch von Ihrem Widerrufsrecht machen) die jeweils aktuelle Version der Datenschutzerkl\u00e4rung die g\u00fcltige ist.<\/p>\n\n\n\n<h6 class=\"wp-block-heading\">XVII) Widerruf<\/h6>\n\n\n\n<p>Sie haben das Recht, einmal erteilte Einwilligungen mit Wirkung f\u00fcr die Zukunft jederzeit zu widerrufen.<\/p>\n\n\n\n<h6 class=\"wp-block-heading\">XVIII) Auskunft, Berichtigung, L\u00f6schung, Sperrung<\/h6>\n\n\n\n<p>Sie haben das Recht auf Anfrage unentgeltlich Auskunft \u00fcber Ihre, bei uns gespeicherten, personenbezogenen Daten zu bekommen. Bei Vorliegen unrichtiger Daten haben Sie das Recht auf Berichtigung. Sie haben jederzeit Anspruch auf L\u00f6schung und Sperrung.<\/p>\n\n\n\n<p>Die L\u00f6schung der gespeicherten personenbezogenen Daten erfolgt, wenn Sie Ihre Einwilligung zur Speicherung widerrufen oder wenn die Kenntnis dieser Daten zur Erf\u00fcllung des mit der Speicherung verfolgten Zwecks nicht mehr erforderlich ist. Die L\u00f6schung erfolgt jedoch erst nach Ablauf der Fristen der steuer- und handelsrechtlichen Vorschriften.<\/p>\n\n\n\n<h6 class=\"wp-block-heading\">XIX) Ansprechpartner f\u00fcr Datenschutz<\/h6>\n\n\n\n<p>Bei Fragen zur Erhebung, Verarbeitung oder Nutzung Ihrer personenbezogenen Daten, bei Ausk\u00fcnften, Berichtigung, Sperrung oder L\u00f6schung von Daten wenden Sie sich bitte an\u00a0Sebahattin Enes Arslan (mail(at)alashato.com * )<\/p>\n\n\n\n<p>* Bitte (at) mit @ austauschen<\/p>\n\n\n\n<p><\/p>\n","protected":false},"excerpt":{"rendered":"<p>I) Pr\u00e4ambel Herzlich Willkommen auf unserer Webseite! Wir legen gr\u00f6\u00dften Wert auf den Schutz Ihrer Daten und die Wahrung Ihrer Privatsph\u00e4re. Wir m\u00f6chten nachfolgend darstellen, welche Daten wir wann und zu welchem Zweck erheben, verarbeiten und nutzen. Hierbei soll Ihnen erl\u00e4utert werden, wie unsere angebotenen Dienste arbeiten und wie hierbei der Schutz Ihrer personenbezogenen Daten [&hellip;]<\/p>\n","protected":false},"author":1,"featured_media":0,"parent":0,"menu_order":0,"comment_status":"closed","ping_status":"closed","template":"","meta":{"inline_featured_image":false,"footnotes":""},"class_list":["post-2655","page","type-page","status-publish","hentry"],"_links":{"self":[{"href":"https:\/\/alashato.com\/en\/wp-json\/wp\/v2\/pages\/2655","targetHints":{"allow":["GET"]}}],"collection":[{"href":"https:\/\/alashato.com\/en\/wp-json\/wp\/v2\/pages"}],"about":[{"href":"https:\/\/alashato.com\/en\/wp-json\/wp\/v2\/types\/page"}],"author":[{"embeddable":true,"href":"https:\/\/alashato.com\/en\/wp-json\/wp\/v2\/users\/1"}],"replies":[{"embeddable":true,"href":"https:\/\/alashato.com\/en\/wp-json\/wp\/v2\/comments?post=2655"}],"version-history":[{"count":5,"href":"https:\/\/alashato.com\/en\/wp-json\/wp\/v2\/pages\/2655\/revisions"}],"predecessor-version":[{"id":4666,"href":"https:\/\/alashato.com\/en\/wp-json\/wp\/v2\/pages\/2655\/revisions\/4666"}],"wp:attachment":[{"href":"https:\/\/alashato.com\/en\/wp-json\/wp\/v2\/media?parent=2655"}],"curies":[{"name":"wp","href":"https:\/\/api.w.org\/{rel}","templated":true}]}}