{"id":2,"date":"2025-01-18T13:46:30","date_gmt":"2025-01-18T13:46:30","guid":{"rendered":"https:\/\/f10apartments.de\/?page_id=2"},"modified":"2025-04-07T15:14:18","modified_gmt":"2025-04-07T13:14:18","slug":"impressum","status":"publish","type":"page","link":"https:\/\/alashato.com\/en\/impressum\/","title":{"rendered":"Imprint \/ Legal notices"},"content":{"rendered":"\n<h4 class=\"wp-block-heading\">Anschrift unserer Einzelunternehmung \/ <br>Angaben gem\u00e4\u00df \u00a7 5 TMG \/<br>Vertragspartner f\u00fcr Buchungen \u00fcber diese Webseite:<\/h4>\n\n\n\n<p>Sebahattin Enes Arslan<br>Sonnenweg 16<br>89284 Pfaffenhofen a.d. Roth<br>Deutschland [Germany]<br>Email: mail@alashato.com<br>Telefon: +49 152 28781257<\/p>\n\n\n\n<p><strong>Gerichtsstand f\u00fcr Buchungen \u00fcber die Webseite:<\/strong> Neu-Ulm, Deutschland [Germany]<br><strong>USt-Id-Nr:<\/strong>&nbsp;DE308886610<\/p>\n\n\n\n<p><strong>Rechtlich separater Unterkunftsbetrieb in der T\u00fcrkei:<\/strong><br><br>Holiday Villa Alashato Ala\u00e7at\u0131<br>Nesrin Arslan<br>Alacati Mahallesi 14005\/1 Sokak No. 3<br>35930 \u00c7e\u015fme \/ Izmir <br>T\u00fcrkei [T\u00fcrkiye]<br><br>Die Beherbergungsleistung findet in der T\u00fcrkei statt. Die Buchungsabwicklung erfolgt ausschlie\u00dflich durch Herrn Sebahattin Enes Arslan (siehe weiter oben), der auch alleiniger Vertragspartner f\u00fcr Buchungen \u00fcber diese Webseite ist. Die Immobilie befindet sich im Eigentum von Frau Nesrin Arslan. Sie stellt die Unterkunft f\u00fcr Buchungen zur Verf\u00fcgung, nimmt aber nicht am Buchungsvorgang, der Preisgestaltung oder der Zahlungsabwicklung teil. Diese erfolgen ausschlie\u00dflich durch Herrn Sebahattin Enes Arslan \u00fcber diese Webseite. Durch die Nutzung dieser Website, den Abschluss des Beherbergungsvertrags mit dem oben genannten deutschen Unternehmer Sebahattin Enes Arslan entsteht in der T\u00fcrkei keine steuerliche Betriebsst\u00e4tte im Sinne von Art. 5 des deutsch-t\u00fcrkischen Doppelbesteuerungsabkommens (DBA T\u00fcrkei).<br><\/p>\n\n\n\n<p><strong>Haftungsausschluss:<\/strong><br>Die Inhalte dieser Seiten wurden mit gr\u00f6\u00dfter Sorgfalt erstellt. F\u00fcr die Richtigkeit, Vollst\u00e4ndigkeit und Aktualit\u00e4t der Inhalte k\u00f6nnen wir jedoch keine Gew\u00e4hr \u00fcbernehmen. Als Diensteanbieter sind wir gem\u00e4\u00df Paragraph 7 Abs.1 TMG f\u00fcr eigene Inhalte auf diesen Seiten nach den allgemeinen Gesetzen verantwortlich. Nach Paragraph 8 bis 10 TMG sind wir als Diensteanbieter jedoch nicht verpflichtet, \u00fcbermittelte oder gespeicherte fremde Informationen zu \u00fcberwachen oder nach Umst\u00e4nden zu forschen, die auf eine rechtswidrige T\u00e4tigkeit hinweisen. Verpflichtungen zur Entfernung oder Sperrung der Nutzung von Informationen nach den allgemeinen Gesetzen bleiben hiervon unber\u00fchrt. Eine diesbez\u00fcgliche Haftung ist jedoch erst ab dem Zeitpunkt der Kenntnis einer konkreten Rechtsverletzung m\u00f6glich. Bei Bekanntwerden von entsprechenden Rechtsverletzungen werden wir diese Inhalte umgehend entfernen. Diese Seite kann Links zu externen Webseiten Dritter enthalten, auf deren Inhalte wir keinen Einfluss haben. Deshalb k\u00f6nnen wir f\u00fcr diese fremden Inhalte auch keine Gew\u00e4hr \u00fcbernehmen. F\u00fcr die Inhalte der verlinkten Seiten ist stets der jeweilige Anbieter oder Betreiber der Seiten verantwortlich. Die verlinkten Seiten wurden zum Zeitpunkt der Verlinkung auf m\u00f6gliche Rechtsverst\u00f6\u00dfe \u00fcberpr\u00fcft. Rechtswidrige Inhalte waren zum Zeitpunkt der Verlinkung nicht erkennbar. Eine permanente inhaltliche Kontrolle der verlinkten Seiten ist jedoch ohne konkrete Anhaltspunkte einer Rechtsverletzung nicht zumutbar. Bei Bekanntwerden von Rechtsverletzungen werden wir derartige Links umgehend entfernen.<\/p>\n\n\n\n<p><strong>Webseitenhosting, Programmierung\/Webentwicklung, Design, Videos:<\/strong><br>Sebahattin Enes Arslan, Sonnenweg 16, 89284 Pfaffenhofen a.d. Roth, Deutschland [Germany]<\/p>\n\n\n\n<p><strong>Verantwortlich f\u00fcr den Inhalt nach \u00a7 18 Abs. 2 MStV:<\/strong><br>Sebahattin Enes Arslan, Sonnenweg 16, 89284 Pfaffenhofen a.d. Roth, Deutschland [Germany]<\/p>\n\n\n\n<p><strong>Urheberrecht<\/strong>:<br>Die durch die Seitenbetreiber erstellten Inhalte und Werke auf diesen Seiten unterliegen dem deutschen Urheberrecht. Die Vervielf\u00e4ltigung, Bearbeitung, Verbreitung und jede Art der Verwertung au\u00dferhalb der Grenzen des Urheberrechtes bed\u00fcrfen der schriftlichen Zustimmung von Sebahattin Enes Arslan (Sonnenweg 16, 89284 Pfaffenhofen a.d. Roth, Deutschland [Germany], Email-Kontakt:\u00a0<a href=\"mailto:mail@enesarslan.de\">mail@alashato.com<\/a>). Soweit die Inhalte auf dieser Seite nicht vom Betreiber erstellt wurden, werden die Urheberrechte Dritter beachtet. Insbesondere werden Inhalte Dritter als solche gekennzeichnet. Sollten Sie trotzdem auf eine Urheberrechtsverletzung aufmerksam werden, bitten wir um einen entsprechenden Hinweis. Bei Bekanntwerden von Rechtsverletzungen werden wir derartige Inhalte umgehend entfernen. Die Nutzung der Webseite ist in der Regel ohne Angabe personenbezogener Daten m\u00f6glich. Soweit auf den Seiten personenbezogene Daten (beispielsweise Name, Anschrift oder eMail-Adressen) erhoben werden, erfolgt dies, soweit m\u00f6glich, stets auf freiwilliger Basis. Diese Daten werden ohne Ihre ausdr\u00fcckliche Zustimmung nicht an Dritte weitergegeben. Wir weisen darauf hin, dass die Daten\u00fcbertragung im Internet (z.B. bei der Kommunikation per E-Mail) Sicherheitsl\u00fccken aufweisen kann. Ein l\u00fcckenloser Schutz der Daten vor dem Zugriff durch Dritte ist nicht m\u00f6glich. Der Nutzung von im Rahmen der Impressumspflicht ver\u00f6ffentlichten Kontaktdaten durch Dritte zur \u00dcbersendung von nicht ausdr\u00fccklich angeforderter Werbung und Informationsmaterialien wird hiermit ausdr\u00fccklich widersprochen. Die Betreiber der Seiten behalten sich ausdr\u00fccklich rechtliche Schritte im Falle der unverlangten Zusendung von Werbeinformationen, etwa durch Spam-Mails, vor.<\/p>\n\n\n\n<h4 class=\"wp-block-heading\"><strong>Hinweis gem\u00e4\u00df Art. 14 Abs. 1 ODR-VO zur Online-Streitbeilegung<\/strong>:<\/h4>\n\n\n\n<p>Die Europ\u00e4ische Kommission stellt eine Plattform zur Online-Streitbeilegung (OS) bereit, die Sie unter&nbsp;<a href=\"https:\/\/ec.europa.eu\/consumers\/odr\">https:\/\/ec.europa.eu\/consumers\/odr<\/a>&nbsp;finden. Wir sind weder verpflichtet noch bereit, an einem Streitbeilegungsverfahren vor einer Verbraucherschlichtungsstelle teilzunehmen.<\/p>\n\n\n\n<h4 class=\"wp-block-heading\">Datenschutzerkl\u00e4rung:<\/h4>\n\n\n\n<p>Unsere Datenschutzerkl\u00e4rung finden Sie hier: <a href=\"https:\/\/alashato.com\/datenschutzerklaerung\/\">https:\/\/alashato.com\/datenschutzerklaerung\/<\/a><\/p>\n\n\n\n<h4 class=\"wp-block-heading\">Allgemeine Gesch\u00e4ftsbedingungen (AGB) bzw. Allgemeine \u00dcbernachtungs-\/Beherbergungsbedingungen:<\/h4>\n\n\n\n<p>Unsere Bedingungen finden Sie hier: <a href=\"https:\/\/alashato.com\/terms-conditions\/\" data-type=\"page\" data-id=\"277\">https:\/\/alashato.com\/terms-conditions\/ALLGEMEINE \u00dcBERNACHTUNGS-\/BEHERBERGUNGSBEDINGUNGEN<\/a><\/p>\n\n\n\n<h4 class=\"wp-block-heading\">Cookie-Richtlinie:<\/h4>\n\n\n\n<p>Diese Website verwendet Cookies und vergleichbare Technologien, um die Nutzung zu analysieren und Ihnen die bestm\u00f6gliche Erfahrung zu bieten. Details hierzu sowie Ihre individuellen Einstellm\u00f6glichkeiten finden Sie in unserer Cookie-Richtlinie hier: <a href=\"https:\/\/alashato.com\/cookie-policy-eu\/\" data-type=\"page\" data-id=\"2680\">https:\/\/alashato.com\/cookie-policy-eu\/<\/a><\/p>\n\n\n\n<h4 class=\"wp-block-heading\">Hinweis zu Pr\u00e4senz auf Sozialen Medien, Suchmaschinen und Kartendienstanbietern:<\/h4>\n\n\n\n<p>Wir unterhalten Onlinepr\u00e4senzen auf sozialen Netzwerken und anderen Plattformen (wie bspw. Facebook, Instagram, Google, Google Maps, &#8230;). Beim Besuch dieser Plattformen gelten die Nutzungs-\/Gesch\u00e4ftsbedingungen und Datenschutzrichtlinien der jeweiligen Anbieter. Wir weisen darauf hin, dass dabei Nutzerdaten au\u00dferhalb der Europ\u00e4ischen Union verarbeitet werden k\u00f6nnen und, dass wir auf die Datenverarbeitung nur begrenzten Einfluss haben. Hierdurch k\u00f6nnen sich Risiken f\u00fcr die Nutzer ergeben, da beispielsweise die Durchsetzung ihrer Rechte erschwert sein kann. Detaillierte Informationen zur Verarbeitung personenbezogener Daten finden Sie in den Datenschutzerkl\u00e4rungen der jeweiligen Anbieter.<br><a href=\"https:\/\/www.booking.com\/hotel\/de\/f10-apartment.en-gb.html\"><\/a><\/p>\n","protected":false},"excerpt":{"rendered":"<p>Anschrift unserer Einzelunternehmung \/ Angaben gem\u00e4\u00df \u00a7 5 TMG \/Vertragspartner f\u00fcr Buchungen \u00fcber diese Webseite: Sebahattin Enes ArslanSonnenweg 1689284 Pfaffenhofen a.d. RothDeutschland [Germany]Email: mail@alashato.comTelefon: +49 152 28781257 Gerichtsstand f\u00fcr Buchungen \u00fcber die Webseite: Neu-Ulm, Deutschland [Germany]USt-Id-Nr:&nbsp;DE308886610 Rechtlich separater Unterkunftsbetrieb in der T\u00fcrkei: Holiday Villa Alashato Ala\u00e7at\u0131Nesrin ArslanAlacati Mahallesi 14005\/1 Sokak No. 335930 \u00c7e\u015fme \/ Izmir [&hellip;]<\/p>\n","protected":false},"author":1,"featured_media":0,"parent":0,"menu_order":0,"comment_status":"closed","ping_status":"closed","template":"","meta":{"inline_featured_image":false,"footnotes":""},"class_list":["post-2","page","type-page","status-publish","hentry"],"_links":{"self":[{"href":"https:\/\/alashato.com\/en\/wp-json\/wp\/v2\/pages\/2","targetHints":{"allow":["GET"]}}],"collection":[{"href":"https:\/\/alashato.com\/en\/wp-json\/wp\/v2\/pages"}],"about":[{"href":"https:\/\/alashato.com\/en\/wp-json\/wp\/v2\/types\/page"}],"author":[{"embeddable":true,"href":"https:\/\/alashato.com\/en\/wp-json\/wp\/v2\/users\/1"}],"replies":[{"embeddable":true,"href":"https:\/\/alashato.com\/en\/wp-json\/wp\/v2\/comments?post=2"}],"version-history":[{"count":23,"href":"https:\/\/alashato.com\/en\/wp-json\/wp\/v2\/pages\/2\/revisions"}],"predecessor-version":[{"id":5078,"href":"https:\/\/alashato.com\/en\/wp-json\/wp\/v2\/pages\/2\/revisions\/5078"}],"wp:attachment":[{"href":"https:\/\/alashato.com\/en\/wp-json\/wp\/v2\/media?parent=2"}],"curies":[{"name":"wp","href":"https:\/\/api.w.org\/{rel}","templated":true}]}}